{"id":5371,"date":"2026-02-03T19:44:42","date_gmt":"2026-02-03T19:44:42","guid":{"rendered":"https:\/\/followusmarketing.com\/?page_id=5371"},"modified":"2026-02-13T16:55:49","modified_gmt":"2026-02-13T16:55:49","slug":"tourism-short-term-vacation-rentals","status":"publish","type":"page","link":"https:\/\/followusmarketing.com\/es\/verticals\/tourism-short-term-vacation-rentals","title":{"rendered":"Turismo y Alquileres Vacacionales por Per\u00edodos Cortos"},"content":{"rendered":"<div data-elementor-type=\"wp-page\" data-elementor-id=\"5371\" class=\"elementor elementor-5371\">\n\t\t\t\t\t\t<section class=\"elementor-section elementor-top-section elementor-element elementor-element-e7ae6fb elementor-section-boxed elementor-section-height-default elementor-section-height-default\" data-id=\"e7ae6fb\" data-element_type=\"section\" data-e-type=\"section\">\n\t\t\t\t\t\t<div class=\"elementor-container elementor-column-gap-default\">\n\t\t\t\t\t<div class=\"elementor-column elementor-col-100 elementor-top-column elementor-element elementor-element-85ad38f\" data-id=\"85ad38f\" data-element_type=\"column\" data-e-type=\"column\">\n\t\t\t<div class=\"elementor-widget-wrap elementor-element-populated\">\n\t\t\t\t\t\t<div class=\"elementor-element elementor-element-4f7d8ac elementor-widget elementor-widget-heading\" data-id=\"4f7d8ac\" data-element_type=\"widget\" data-e-type=\"widget\" data-widget_type=\"heading.default\">\n\t\t\t\t<div class=\"elementor-widget-container\">\n\t\t\t\t\t<h2 class=\"elementor-heading-title elementor-size-default\">Turismo y Alquileres Vacacionales por Per\u00edodos Cortos<span class=\"dot\">.<\/span><\/h2>\t\t\t\t<\/div>\n\t\t\t\t<\/div>\n\t\t\t\t<div class=\"elementor-element elementor-element-c17321c elementor-widget__width-initial elementor-widget elementor-widget-text-editor\" data-id=\"c17321c\" data-element_type=\"widget\" data-e-type=\"widget\" data-widget_type=\"text-editor.default\">\n\t\t\t\t<div class=\"elementor-widget-container\">\n\t\t\t\t\t\t\t\t\t<div>Ayudamos a marcas de turismo y alojamientos vacacionales a aumentar su visibilidad, atraer solicitudes de informaci\u00f3n calificadas y mejorar la ocupaci\u00f3n mediante marketing y optimizaci\u00f3n para b\u00fasquedas locales. En un mercado saturado y estacional, ser visible cuando los viajeros est\u00e1n listos para reservar es fundamental.<\/div><div>\u00a0<\/div><div>Los viajeros toman decisiones r\u00e1pidamente y con una intenci\u00f3n clara. Comparan opciones seg\u00fan: ubicaci\u00f3n, rese\u00f1as, fotos, disponibilidad y facilidad de reserva. Hacemos que tu propiedad o marca destaque en estos momentos clave y guiamos a los posibles hu\u00e9spedes desde el descubrimiento hasta la consulta o reserva.<\/div><div>\u00a0<\/div><div>Integramos visibilidad en b\u00fasquedas locales para que los hu\u00e9spedes le encuentren f\u00e1cilmente, utilizamos publicidad pagada para alcanzar a viajeros motivados, creamos contenido enfocado en el descubrimiento que resalta sus propiedades \u00fanicas y dise\u00f1amos experiencias de landing orientadas a la conversi\u00f3n que destacan sus servicios exclusivos. Cada estrategia captura la demanda, reduce fricciones y convierte el inter\u00e9s en estancias confirmadas.<\/div><div>\u00a0<\/div><h3>Dise\u00f1ado para la intenci\u00f3n de descubrimiento y reserva<\/h3><div>Unlike general marketing, our services are purpose-built for tourism and vacation rentals, where travelers search by destination or experience, not brand name. Our expertise in local SEO, map visibility, and platform optimization ensures your listing is discoverable and compelling to travelers seeking accommodations like yours.<\/div><div>\u00a0<\/div><div>Ubicamos su propiedad o marca de turismo donde los viajeros buscan activamente: en motores de b\u00fasqueda, redes sociales y herramientas de descubrimiento local. Al alinear su visibilidad con la intenci\u00f3n del viajero, aumentamos las consultas directas y las reservas a trav\u00e9s de plataformas.<\/div><div>\u00a0<\/div><h3>Lo que apoyamos<\/h3><div>Nuestros servicios respaldan todo el recorrido del hu\u00e9sped, desde la inspiraci\u00f3n hasta la reserva.<\/div><div>\u00a0<\/div><div><span style=\"text-decoration: underline;\"><strong>Estrategia de visibilidad y posicionamiento para alojamientos por per\u00edodos cortos<\/strong><\/span><br \/>Mejoramos la presencia de tu alojamiento por per\u00edodos cortos (Airbnb, Vrbo, etc.) en las b\u00fasquedas mediante posicionamiento, contenido y visibilidad que aumentan la confianza, las impresiones y los clics.<\/div><div>\u00a0<\/div><div><span style=\"text-decoration: underline;\"><strong>Publicidad pagada para generar reservas y solicitudes de informaci\u00f3n calificadas<\/strong><\/span><br \/>La publicidad pagada genera r\u00e1pidamente reservas y solicitudes de informaci\u00f3n calificadas. Nuestras campa\u00f1as se dirigen seg\u00fan ubicaci\u00f3n, temporada y comportamiento de los viajeros para lograr la m\u00e1xima eficiencia.<\/div><div>\u00a0<\/div><div><span style=\"text-decoration: underline;\"><strong>Contenido en redes sociales dise\u00f1ado para visibilidad<\/strong><\/span><br \/>Creamos contenido que inspira a los viajeros mostrando experiencias, servicios y el atractivo del destino, generando mayor inter\u00e9s y tr\u00e1fico hacia su propiedad o marca.<\/div><div>\u00a0<\/div><div><span style=\"text-decoration: underline;\"><strong>Optimizaci\u00f3n de Google Business Profile<\/strong><\/span><br \/>Optimizamos <a href=\"https:\/\/followusmarketing.com\/es\/service\/local-marketing-google-business\/\" target=\"_blank\" rel=\"noopener\">Google Business Profiles<\/a> para el descubrimiento y la confianza, mejorando tu visibilidad en b\u00fasquedas locales y mapas.<\/div><div>\u00a0<\/div><div><span style=\"text-decoration: underline;\"><strong>SEO local para b\u00fasquedas de turismo y hospitalidad<\/strong><\/span><br \/>Impulsamos el SEO local a largo plazo para ayudar a que tu marca aparezca en b\u00fasquedas que reflejan intenci\u00f3n de reserva.<\/div><div>\u00a0<\/div><div><span style=\"text-decoration: underline;\"><strong>Flujo de Clientes Potenciales y Landing Pages<\/strong><\/span><br \/>Dise\u00f1amos Landing Pages y flujo de clientes que reducen fricciones y gu\u00edan a los viajeros a reservar o ponerse en contacto con usted, maximizando la captura de demanda.<\/div><div>\u00a0<\/div><h3>Un sistema de marketing orientado al rendimiento<\/h3><div>El marketing de turismo requiere optimizaci\u00f3n continua para adaptarse a la demanda cambiante, la estacionalidad y el comportamiento de los viajeros. Facilitamos pruebas y mejoras constantes.<\/div><div>\u00a0<\/div><div>Monitoreamos los datos para enfocar las campa\u00f1as en la ocupaci\u00f3n real, asegurando que los presupuestos generen los mejores resultados durante las temporadas altas.<\/div><div>\u00a0<\/div><h3>Para qui\u00e9n est\u00e1 dise\u00f1ado esto<\/h3><div><div>Nuestras soluciones de marketing son ideales para marcas de destinos, anfitriones de Airbnb\/Vrbo, operadores de alquileres vacacionales por per\u00edodos cortos, administradores de propiedades y negocios de hospitalidad que buscan visibilidad constante, consultas calificadas y mayor ocupaci\u00f3n. Apoyamos tanto a propietarios independientes como a operadores de m\u00faltiples propiedades que requieren sistemas de marketing escalables durante todo el a\u00f1o y que se adapten a la demanda cambiante.<\/div><div>\u00a0<\/div><div>Este enfoque es especialmente valioso en mercados competitivos y orientados a la experiencia, donde los viajeros comparan opciones y deciden seg\u00fan visibilidad, confianza y facilidad de reserva. Ya sea que gestiones un solo alquiler o un portafolio, nuestras estrategias se adaptan a sus objetivos y respaldan su crecimiento.<\/div><div>\u00a0<\/div><div><a href=\"https:\/\/newsismybusiness.com\/follow-us-marketing-agency-expands-to-puerto-rico-joins-cofc\/\" target=\"_blank\" rel=\"noopener\"><strong>Puerto Rico presenta una oportunidad \u00fanica dentro del mercado tur\u00edstico.<\/strong><\/a><br \/>La fuerte demanda durante todo el a\u00f1o de Puerto Rico, sus diversos perfiles de viajeros y la alta competencia hacen que la visibilidad y el posicionamiento sean esenciales. Apoyamos a marcas de turismo y operadores de alquileres vacacionales en Puerto Rico combinando optimizaci\u00f3n para b\u00fasquedas locales, publicidad pagada y contenido enfocado en el descubrimiento, con conocimientos sobre el comportamiento de los viajeros del Caribe. El apoyo en relaciones locales est\u00e1 disponible a trav\u00e9s de representaci\u00f3n autorizada, mientras que la estrategia, ejecuci\u00f3n y seguimiento del desempe\u00f1o son gestionados por nuestro equipo con base en Florida.<\/div><div>\u00a0<\/div><div>Ya sea que su objetivo sea aumentar las consultas directas, mejorar la ocupaci\u00f3n o fortalecer la presencia de su marca a largo plazo en Puerto Rico u otros mercados, nuestros sistemas de marketing le ayudan a competir de manera efectiva y a capturar la demanda en el momento adecuado.<\/div><\/div><div>\u00a0<\/div>\t\t\t\t\t\t\t\t<\/div>\n\t\t\t\t<\/div>\n\t\t\t\t<div class=\"elementor-element elementor-element-568e301 elementor-widget elementor-widget-linoor-call-to-action\" data-id=\"568e301\" data-element_type=\"widget\" data-e-type=\"widget\" data-widget_type=\"linoor-call-to-action.default\">\n\t\t\t\t<div class=\"elementor-widget-container\">\n\t\t\t\t\t\r\n<!-- Call To Section -->\r\n<section class=\"call-to-section\">\r\n    <div class=\"auto-container\">\r\n        <div class=\"inner clearfix\">\r\n            <div class=\"shape-1 wow slideInRight\" data-wow-delay=\"0ms\" data-wow-duration=\"1500ms\"><\/div>\r\n            <div class=\"shape-2 wow fadeInDown\" data-wow-delay=\"0ms\" data-wow-duration=\"1500ms\"><\/div>\r\n            <h2>Solicita un Plan <br>de Marketing<br>Tur\u00edstico<\/h2>\r\n            <div class=\"link-box\">\r\n                <a class=\"theme-btn btn-style-two\" href=\"tel:+15618903591\">\r\n                    <i class=\"btn-curve\"><\/i>\r\n                    <span class=\"btn-title\">Ll\u00e1manos<\/span>\r\n                <\/a>\r\n            <\/div>\r\n        <\/div>\r\n    <\/div>\r\n<\/section>\r\n\r\n\t\t\t\t<\/div>\n\t\t\t\t<\/div>\n\t\t\t\t\t<\/div>\n\t\t<\/div>\n\t\t\t\t\t<\/div>\n\t\t<\/section>\n\t\t\t\t<\/div>","protected":false},"excerpt":{"rendered":"<p>Tourism and Short-Term Vacation Rentals. We help tourism brands and vacation rentals grow visibility, attract qualified inquiries, and boost occupancy with marketing and local search optimization. In a crowded, seasonal market, being seen when travelers are ready to book is critical.\u00a0Travelers make decisions quickly with clear intent. They compare options based on location, reviews, photos, [&hellip;]<\/p>","protected":false},"author":1,"featured_media":5374,"parent":5347,"menu_order":6,"comment_status":"closed","ping_status":"closed","template":"","meta":{"_joinchat":[],"footnotes":""},"class_list":["post-5371","page","type-page","status-publish","has-post-thumbnail","hentry"],"_links":{"self":[{"href":"https:\/\/followusmarketing.com\/es\/wp-json\/wp\/v2\/pages\/5371","targetHints":{"allow":["GET"]}}],"collection":[{"href":"https:\/\/followusmarketing.com\/es\/wp-json\/wp\/v2\/pages"}],"about":[{"href":"https:\/\/followusmarketing.com\/es\/wp-json\/wp\/v2\/types\/page"}],"author":[{"embeddable":true,"href":"https:\/\/followusmarketing.com\/es\/wp-json\/wp\/v2\/users\/1"}],"replies":[{"embeddable":true,"href":"https:\/\/followusmarketing.com\/es\/wp-json\/wp\/v2\/comments?post=5371"}],"version-history":[{"count":19,"href":"https:\/\/followusmarketing.com\/es\/wp-json\/wp\/v2\/pages\/5371\/revisions"}],"predecessor-version":[{"id":5658,"href":"https:\/\/followusmarketing.com\/es\/wp-json\/wp\/v2\/pages\/5371\/revisions\/5658"}],"up":[{"embeddable":true,"href":"https:\/\/followusmarketing.com\/es\/wp-json\/wp\/v2\/pages\/5347"}],"wp:featuredmedia":[{"embeddable":true,"href":"https:\/\/followusmarketing.com\/es\/wp-json\/wp\/v2\/media\/5374"}],"wp:attachment":[{"href":"https:\/\/followusmarketing.com\/es\/wp-json\/wp\/v2\/media?parent=5371"}],"curies":[{"name":"wp","href":"https:\/\/api.w.org\/{rel}","templated":true}]}}