{"id":5359,"date":"2026-02-03T18:59:59","date_gmt":"2026-02-03T18:59:59","guid":{"rendered":"https:\/\/followusmarketing.com\/?page_id=5359"},"modified":"2026-02-03T19:00:01","modified_gmt":"2026-02-03T19:00:01","slug":"nonprofit-and-community-org","status":"publish","type":"page","link":"https:\/\/followusmarketing.com\/es\/verticals\/nonprofit-and-community-org","title":{"rendered":"Organizaciones sin fines de lucro y comunitarias"},"content":{"rendered":"<div data-elementor-type=\"wp-page\" data-elementor-id=\"5359\" class=\"elementor elementor-5359\">\n\t\t\t\t\t\t<section class=\"elementor-section elementor-top-section elementor-element elementor-element-e7ae6fb elementor-section-boxed elementor-section-height-default elementor-section-height-default\" data-id=\"e7ae6fb\" data-element_type=\"section\" data-e-type=\"section\">\n\t\t\t\t\t\t<div class=\"elementor-container elementor-column-gap-default\">\n\t\t\t\t\t<div class=\"elementor-column elementor-col-100 elementor-top-column elementor-element elementor-element-85ad38f\" data-id=\"85ad38f\" data-element_type=\"column\" data-e-type=\"column\">\n\t\t\t<div class=\"elementor-widget-wrap elementor-element-populated\">\n\t\t\t\t\t\t<div class=\"elementor-element elementor-element-4f7d8ac elementor-widget elementor-widget-heading\" data-id=\"4f7d8ac\" data-element_type=\"widget\" data-e-type=\"widget\" data-widget_type=\"heading.default\">\n\t\t\t\t<div class=\"elementor-widget-container\">\n\t\t\t\t\t<h2 class=\"elementor-heading-title elementor-size-default\">Organizaciones sin fines de lucro y comunitarias<span class=\"dot\">.<\/span><\/h2>\t\t\t\t<\/div>\n\t\t\t\t<\/div>\n\t\t\t\t<div class=\"elementor-element elementor-element-c17321c elementor-widget elementor-widget-text-editor\" data-id=\"c17321c\" data-element_type=\"widget\" data-e-type=\"widget\" data-widget_type=\"text-editor.default\">\n\t\t\t\t<div class=\"elementor-widget-container\">\n\t\t\t\t\t\t\t\t\t<p><a href=\"https:\/\/en.wikipedia.org\/wiki\/Nonprofit_organization\" target=\"_blank\" rel=\"noopener\">Organizaciones sin fines de lucro y comunitarias<\/a>\u00a0juegan un papel importante en la construcci\u00f3n de confianza, el fortalecimiento de las comunidades y la creaci\u00f3n de un impacto duradero.<\/p><p>Para cumplir con su misi\u00f3n, estas organizaciones deben comunicar mensajes claros que inspiren acci\u00f3n, involucren a sus seguidores y maximicen el impacto en un entorno digital competitivo.<\/p><p>Ofrecemos estrategias de marketing que generan confianza, aumentan el reconocimiento e impulsan la participaci\u00f3n. Nuestros servicios te ayudan a atraer donantes, movilizar voluntarios y asegurar aliados comunitarios comprometidos.<\/p><p>Nuestro enfoque equilibra prop\u00f3sito y rendimiento. Cada campa\u00f1a se alinea con tu misi\u00f3n y ofrece resultados medibles, permitiendo que la direcci\u00f3n identifique estrategias efectivas y asigne recursos de manera eficiente.<\/p><h3>Dise\u00f1ado para generar confianza, visibilidad y participaci\u00f3n<\/h3><div>La confianza es fundamental para las organizaciones sin fines de lucro y comunitarias. Las audiencias esperan transparencia, consistencia y autenticidad antes de involucrarse, donar o participar.<\/div><div>\u00a0<\/div><div>Dise\u00f1amos sistemas de marketing que generan confianza en la audiencia, aumentan la retenci\u00f3n de donantes y ampl\u00edan el alcance comunitario en todos los canales. Nuestro mensaje orientado a la misi\u00f3n establece credibilidad duradera y te ayuda a conectar con m\u00e1s personas.<\/div><div>\u00a0<\/div><div>A trav\u00e9s de la narraci\u00f3n, la visibilidad local y el alcance basado en datos, las organizaciones pueden ampliar su alcance mientras mantienen sus valores.<\/div><div>\u00a0<\/div><h3>Lo que apoyamos<\/h3><div>Adaptamos nuestros servicios a las necesidades \u00fanicas de las organizaciones sin fines de lucro y comunitarias, considerando las limitaciones de presupuesto, los requisitos de cumplimiento y la rendici\u00f3n de cuentas.<\/div><div>\u00a0<\/div><div><span style=\"text-decoration: underline;\"><strong>Campa\u00f1as de concientizaci\u00f3n y alcance comunitario<\/strong><\/span><br \/>Desarrollamos campa\u00f1as de concientizaci\u00f3n para tu misi\u00f3n, programas y servicios. Estos esfuerzos llegan a los miembros de la comunidad, partes interesadas y aliados a trav\u00e9s de canales digitales y de alcance dirigido, manteniendo tu organizaci\u00f3n visible y relevante.<\/div><div>\u00a0<\/div><div><span style=\"text-decoration: underline;\"><strong>Apoyo en visibilidad para recaudaci\u00f3n de fondos y participaci\u00f3n de donantes<\/strong><\/span><br \/>La recaudaci\u00f3n de fondos depende de una comunicaci\u00f3n s\u00f3lida y de la participaci\u00f3n. Aumentamos la visibilidad de tus campa\u00f1as, atraemos nuevos donantes y fomentamos el apoyo continuo para construir relaciones duraderas y maximizar las contribuciones recurrentes.<\/div><div>\u00a0<\/div><div><a href=\"https:\/\/followusmarketing.com\/es\/service\/event-marketing\/\" target=\"_blank\" rel=\"noopener\"><strong><span style=\"text-decoration: underline;\">Promoci\u00f3n de eventos y alianzas locales<\/span><\/strong><\/a><br \/>Los eventos inspiran a los seguidores a actuar. Promocionamos tus eventos para aumentar la asistencia, crear experiencias memorables y fortalecer la conexi\u00f3n con tus audiencias m\u00e1s importantes.<\/div><div>\u00a0<\/div><div><span style=\"text-decoration: underline;\"><strong>Estrategia de redes sociales y contenido<\/strong><\/span><br \/>Las redes sociales comunican tu impacto de manera instant\u00e1nea. Desarrollamos estrategias de contenido que generan conciencia, inspiran acci\u00f3n y fortalecen los lazos con la comunidad, convirtiendo cada publicaci\u00f3n en una oportunidad para fomentar la participaci\u00f3n.<\/div><div>\u00a0<\/div><div><span style=\"text-decoration: underline;\"><strong>Publicidad pagada para ampliar el alcance<\/strong><\/span><br \/>La publicidad pagada estrat\u00e9gica eleva r\u00e1pidamente tu visibilidad. Ejecutamos campa\u00f1as que alcanzan nuevas audiencias, impulsan la recaudaci\u00f3n de fondos y convierten la exposici\u00f3n en apoyo concreto, maximizando tu retorno de inversi\u00f3n.<\/div><div>\u00a0<\/div><div><span style=\"text-decoration: underline;\"><strong>Informes alineados con los resultados de la misi\u00f3n<\/strong><\/span><br \/>La medici\u00f3n impulsa el crecimiento. Proporcionamos informes claros sobre concientizaci\u00f3n, participaci\u00f3n, engagement y donaciones, lo que te permite refinar estrategias y mejorar los resultados en lo que m\u00e1s importa.<\/div><div>\u00a0<\/div><h3>Un enfoque de marketing alineado con la misi\u00f3n<\/h3><div>El marketing para organizaciones sin fines de lucro y comunitarias es distinto al marketing comercial.<br \/>El \u00e9xito se mide no solo por clics o impresiones, sino tambi\u00e9n por la confianza, las relaciones y comunidades m\u00e1s s\u00f3lidas.<\/div><div>Colaboramos con los equipos de liderazgo para garantizar que la estrategia se alinee con tu misi\u00f3n y recursos. Nuestras soluciones escalables te ayudan a ampliar el alcance, medir resultados y aumentar tu impacto de manera eficiente.<\/div><div>\u00a0<\/div><h3>Para qui\u00e9n est\u00e1 dise\u00f1ado esto<\/h3><div>Nuestras soluciones de marketing son ideales para <strong>organizaciones sin fines de lucro, fundaciones, grupos comunitarios, organizaciones de defensa y proyectos con enfoque en la misi\u00f3n<\/strong> que buscan aumentar su visibilidad y participaci\u00f3n<\/div><div>Ya sea que tu objetivo sea aumentar la concientizaci\u00f3n, promover eventos, fortalecer relaciones con donantes o ampliar el alcance, obtendr\u00e1s estrategias pr\u00e1cticas, herramientas f\u00e1ciles de usar y apoyo experto para lograr resultados duraderos,<\/div><p>con marketing que aumenta la visibilidad, fortalece la confianza e impulsa la participaci\u00f3n. Desde campa\u00f1as hasta eventos, ayudamos a las organizaciones a comunicar de manera clara y a llegar a las audiencias que realmente importan.<\/p>\t\t\t\t\t\t\t\t<\/div>\n\t\t\t\t<\/div>\n\t\t\t\t<div class=\"elementor-element elementor-element-568e301 elementor-widget elementor-widget-linoor-call-to-action\" data-id=\"568e301\" data-element_type=\"widget\" data-e-type=\"widget\" data-widget_type=\"linoor-call-to-action.default\">\n\t\t\t\t<div class=\"elementor-widget-container\">\n\t\t\t\t\t\r\n<!-- Call To Section -->\r\n<section class=\"call-to-section\">\r\n    <div class=\"auto-container\">\r\n        <div class=\"inner clearfix\">\r\n            <div class=\"shape-1 wow slideInRight\" data-wow-delay=\"0ms\" data-wow-duration=\"1500ms\"><\/div>\r\n            <div class=\"shape-2 wow fadeInDown\" data-wow-delay=\"0ms\" data-wow-duration=\"1500ms\"><\/div>\r\n            <h2>Solicita un Plan <br>para organizaciones <br>sin fines de lucro<\/h2>\r\n            <div class=\"link-box\">\r\n                <a class=\"theme-btn btn-style-two\" href=\"tel:+15618903591\">\r\n                    <i class=\"btn-curve\"><\/i>\r\n                    <span class=\"btn-title\">Ll\u00e1manos<\/span>\r\n                <\/a>\r\n            <\/div>\r\n        <\/div>\r\n    <\/div>\r\n<\/section>\r\n\r\n\t\t\t\t<\/div>\n\t\t\t\t<\/div>\n\t\t\t\t\t<\/div>\n\t\t<\/div>\n\t\t\t\t\t<\/div>\n\t\t<\/section>\n\t\t\t\t<\/div>","protected":false},"excerpt":{"rendered":"<p>Nonprofit and Community Organizations. Nonprofit and Community Organizations\u00a0play a vital role in building trust, strengthening communities, and creating lasting impact. To fulfill their mission, these organizations must communicate clear messages that inspire action, engage supporters, and maximize impact in a competitive digital landscape. We offer marketing strategies that build trust, enhance recognition, and drive engagement. [&hellip;]<\/p>","protected":false},"author":1,"featured_media":5364,"parent":5347,"menu_order":5,"comment_status":"closed","ping_status":"closed","template":"","meta":{"_joinchat":[],"footnotes":""},"class_list":["post-5359","page","type-page","status-publish","has-post-thumbnail","hentry"],"_links":{"self":[{"href":"https:\/\/followusmarketing.com\/es\/wp-json\/wp\/v2\/pages\/5359","targetHints":{"allow":["GET"]}}],"collection":[{"href":"https:\/\/followusmarketing.com\/es\/wp-json\/wp\/v2\/pages"}],"about":[{"href":"https:\/\/followusmarketing.com\/es\/wp-json\/wp\/v2\/types\/page"}],"author":[{"embeddable":true,"href":"https:\/\/followusmarketing.com\/es\/wp-json\/wp\/v2\/users\/1"}],"replies":[{"embeddable":true,"href":"https:\/\/followusmarketing.com\/es\/wp-json\/wp\/v2\/comments?post=5359"}],"version-history":[{"count":10,"href":"https:\/\/followusmarketing.com\/es\/wp-json\/wp\/v2\/pages\/5359\/revisions"}],"predecessor-version":[{"id":5473,"href":"https:\/\/followusmarketing.com\/es\/wp-json\/wp\/v2\/pages\/5359\/revisions\/5473"}],"up":[{"embeddable":true,"href":"https:\/\/followusmarketing.com\/es\/wp-json\/wp\/v2\/pages\/5347"}],"wp:featuredmedia":[{"embeddable":true,"href":"https:\/\/followusmarketing.com\/es\/wp-json\/wp\/v2\/media\/5364"}],"wp:attachment":[{"href":"https:\/\/followusmarketing.com\/es\/wp-json\/wp\/v2\/media?parent=5359"}],"curies":[{"name":"wp","href":"https:\/\/api.w.org\/{rel}","templated":true}]}}