{"id":5325,"date":"2026-02-03T17:13:20","date_gmt":"2026-02-03T17:13:20","guid":{"rendered":"https:\/\/followusmarketing.com\/?page_id=5325"},"modified":"2026-02-04T17:53:32","modified_gmt":"2026-02-04T17:53:32","slug":"real-estate-marketing","status":"publish","type":"page","link":"https:\/\/followusmarketing.com\/es\/verticals\/real-estate-marketing","title":{"rendered":"Bienes ra\u00edces y gesti\u00f3n de propiedades"},"content":{"rendered":"<div data-elementor-type=\"wp-page\" data-elementor-id=\"5325\" class=\"elementor elementor-5325\">\n\t\t\t\t\t\t<section class=\"elementor-section elementor-top-section elementor-element elementor-element-e7ae6fb elementor-section-boxed elementor-section-height-default elementor-section-height-default\" data-id=\"e7ae6fb\" data-element_type=\"section\" data-e-type=\"section\">\n\t\t\t\t\t\t<div class=\"elementor-container elementor-column-gap-default\">\n\t\t\t\t\t<div class=\"elementor-column elementor-col-100 elementor-top-column elementor-element elementor-element-85ad38f\" data-id=\"85ad38f\" data-element_type=\"column\" data-e-type=\"column\">\n\t\t\t<div class=\"elementor-widget-wrap elementor-element-populated\">\n\t\t\t\t\t\t<div class=\"elementor-element elementor-element-4f7d8ac elementor-widget elementor-widget-heading\" data-id=\"4f7d8ac\" data-element_type=\"widget\" data-e-type=\"widget\" data-widget_type=\"heading.default\">\n\t\t\t\t<div class=\"elementor-widget-container\">\n\t\t\t\t\t<h2 class=\"elementor-heading-title elementor-size-default\">Marketing inmobiliario y generaci\u00f3n de leads<span class=\"dot\">.<\/span><\/h2>\t\t\t\t<\/div>\n\t\t\t\t<\/div>\n\t\t\t\t<div class=\"elementor-element elementor-element-c17321c elementor-widget elementor-widget-text-editor\" data-id=\"c17321c\" data-element_type=\"widget\" data-e-type=\"widget\" data-widget_type=\"text-editor.default\">\n\t\t\t\t<div class=\"elementor-widget-container\">\n\t\t\t\t\t\t\t\t\t<div>Nuestro <a href=\"https:\/\/www.linkedin.com\/company\/followusmktg\" target=\"_blank\" rel=\"noopener\">Marketing inmobiliario<\/a> Nuestra divisi\u00f3n ayuda a agentes, corredores, desarrolladores y profesionales inmobiliarios a tener \u00e9xito en mercados competitivos. Ofrecemos soluciones que atraen compradores, vendedores e inversionistas, mientras los guiamos a trav\u00e9s del embudo de ventas. Nuestro equipo construye sistemas de marketing escalables que convierten el inter\u00e9s inicial en oportunidades calificadas, asegurando que cada interacci\u00f3n genere resultados comerciales medibles.<\/div><div>\u00a0<\/div><div>Our plan combines strategic paid advertising, advanced AI-assisted audience targeting, organic content strategies, and robust CRM-driven lead management. This ensures every inquiry is captured, thoroughly tracked, and followed up on with accuracy and speed. By aligning marketing strategy with sales workflows, we empower real estate professionals to improve conversion rates, maximize return on ad spend, and achieve real-time visibility into their sales pipeline.<\/div><div>\u00a0<\/div><h3>Lo que apoyamos<\/h3><div>Ofrecemos servicios de marketing inmobiliario de extremo a extremo, adaptados a diversos modelos de negocio y tipos de propiedad. Nuestras soluciones se ajustan a las necesidades espec\u00edficas de clientes residenciales, comerciales y enfocados en inversiones:<\/div><ul><li>Generaci\u00f3n de leads inmobiliarios para compradores y vendedores, enfocada en la intenci\u00f3n y la ubicaci\u00f3n.<\/li><li>Paid advertising campaigns for listings, developments, and portfolio visibility<\/li><li>Agent and brokerage branding to strengthen market positioning<\/li><li>Landing Pages enfocadas en la conversi\u00f3n y optimizadas para la captaci\u00f3n de leads estudiantiles<\/li><li>Integraci\u00f3n de CRM para embudos inmobiliarios, incluyendo el seguimiento de leads y la automatizaci\u00f3n.<\/li><li>Asignaci\u00f3n de leads, etiquetado y flujos de seguimiento estructurados.<\/li><li>Campa\u00f1as de remarketing dise\u00f1adas para aumentar la conversi\u00f3n de consultas en oportunidades.<\/li><\/ul><div>Cada soluci\u00f3n est\u00e1 dise\u00f1ada para generar un flujo constante de leads, reducir los tiempos de respuesta y respaldar tus objetivos de crecimiento. Estamos comprometidos en ayudarte a construir un embudo sostenible y a captar cada oportunidad en un mercado inmobiliario din\u00e1mico.<\/div><div>\u00a0<\/div><div><h3>Ventaja de Infraestructura<\/h3><div>El marketing inmobiliario requiere rapidez, precisi\u00f3n y un seguimiento disciplinado. Dise\u00f1amos y gestionamos sistemas avanzados <a href=\"https:\/\/followusmarketing.com\/es\/service\/lead-generation-and-management\/\" target=\"_blank\" rel=\"noopener\">infraestructura de gesti\u00f3n de leads<\/a> para manejar altos vol\u00famenes de consultas sin sacrificar la calidad. Nuestros servicios incluyen la selecci\u00f3n y personalizaci\u00f3n de CRM, la integraci\u00f3n de formularios de leads y p\u00e1ginas de destino, flujos de seguimiento automatizados y optimizaci\u00f3n continua del rendimiento impulsada por IA para lograr la m\u00e1xima eficiencia.<\/div><div>Esta infraestructura s\u00f3lida permite a agentes y corredur\u00edas reducir la p\u00e9rdida de leads, priorizar oportunidades de alta calidad, responder m\u00e1s r\u00e1pido a los prospectos y obtener informaci\u00f3n accionable sobre el desempe\u00f1o de las campa\u00f1as en m\u00faltiples canales de marketing.<\/div><\/div><div>\u00a0<\/div><div><h3>A qui\u00e9nes atendemos<\/h3><div>Nuestra divisi\u00f3n de Marketing Inmobiliario atiende a una amplia gama de profesionales y organizaciones del sector. Trabajamos con:<\/div><div>\u00a0<\/div><ul><li>Agentes inmobiliarios independientes, incluyendo profesionales individuales y agencias boutique<\/li><li>Agencias inmobiliarias y equipos de varios agentes de cualquier tama\u00f1o<\/li><li>Desarrolladores inmobiliarios que gestionan proyectos residenciales, comerciales o de uso mixto<\/li><li>Profesionales de bienes ra\u00edces comerciales, como agentes de arrendamiento, administradores de propiedades y gestores de activos<\/li><li>Inversionistas inmobiliarios, incluidos grupos de inversi\u00f3n institucionales y privados<\/li><li>Constructores de viviendas nuevas y empresas de construcci\u00f3n<\/li><li>Directores de marketing inmobiliario y equipos de marketing internos<\/li><li>Empresas de administraci\u00f3n de propiedades que buscan atraer inquilinos o compradores<\/li><li>Propietarios de terrenos y especialistas en adquisici\u00f3n de terrenos<\/li><li>Anfitriones de alquileres de corta duraci\u00f3n y administradores de propiedades vacacionales<\/li><\/ul><div>\u00a0<\/div><div>Ya sea que est\u00e9s lanzando un nuevo desarrollo, ampliando tu portafolio, construyendo tu marca o optimizando la gesti\u00f3n de leads, nuestro equipo puede apoyar tus objetivos espec\u00edficos.<\/div><\/div>\t\t\t\t\t\t\t\t<\/div>\n\t\t\t\t<\/div>\n\t\t\t\t<div class=\"elementor-element elementor-element-568e301 elementor-widget elementor-widget-linoor-call-to-action\" data-id=\"568e301\" data-element_type=\"widget\" data-e-type=\"widget\" data-widget_type=\"linoor-call-to-action.default\">\n\t\t\t\t<div class=\"elementor-widget-container\">\n\t\t\t\t\t\r\n<!-- Call To Section -->\r\n<section class=\"call-to-section\">\r\n    <div class=\"auto-container\">\r\n        <div class=\"inner clearfix\">\r\n            <div class=\"shape-1 wow slideInRight\" data-wow-delay=\"0ms\" data-wow-duration=\"1500ms\"><\/div>\r\n            <div class=\"shape-2 wow fadeInDown\" data-wow-delay=\"0ms\" data-wow-duration=\"1500ms\"><\/div>\r\n            <h2>Solicita un Plan <br>de crecimiento <br>inmibiliario<\/h2>\r\n            <div class=\"link-box\">\r\n                <a class=\"theme-btn btn-style-two\" href=\"tel:+15618903591\">\r\n                    <i class=\"btn-curve\"><\/i>\r\n                    <span class=\"btn-title\">Ll\u00e1manos<\/span>\r\n                <\/a>\r\n            <\/div>\r\n        <\/div>\r\n    <\/div>\r\n<\/section>\r\n\r\n\t\t\t\t<\/div>\n\t\t\t\t<\/div>\n\t\t\t\t\t<\/div>\n\t\t<\/div>\n\t\t\t\t\t<\/div>\n\t\t<\/section>\n\t\t\t\t<\/div>","protected":false},"excerpt":{"rendered":"<p>Real Estate Marketing and Lead Generation. Our Real Estate Marketing division helps agents, brokers, developers, and property professionals succeed in competitive markets. We offer solutions that attract buyers, sellers, and investors while guiding them through the sales funnel. Our team builds scalable marketing systems that convert initial interest into qualified opportunities, ensuring every interaction delivers [&hellip;]<\/p>","protected":false},"author":1,"featured_media":5326,"parent":5347,"menu_order":2,"comment_status":"closed","ping_status":"closed","template":"","meta":{"_joinchat":[],"footnotes":""},"class_list":["post-5325","page","type-page","status-publish","has-post-thumbnail","hentry"],"_links":{"self":[{"href":"https:\/\/followusmarketing.com\/es\/wp-json\/wp\/v2\/pages\/5325","targetHints":{"allow":["GET"]}}],"collection":[{"href":"https:\/\/followusmarketing.com\/es\/wp-json\/wp\/v2\/pages"}],"about":[{"href":"https:\/\/followusmarketing.com\/es\/wp-json\/wp\/v2\/types\/page"}],"author":[{"embeddable":true,"href":"https:\/\/followusmarketing.com\/es\/wp-json\/wp\/v2\/users\/1"}],"replies":[{"embeddable":true,"href":"https:\/\/followusmarketing.com\/es\/wp-json\/wp\/v2\/comments?post=5325"}],"version-history":[{"count":11,"href":"https:\/\/followusmarketing.com\/es\/wp-json\/wp\/v2\/pages\/5325\/revisions"}],"predecessor-version":[{"id":5548,"href":"https:\/\/followusmarketing.com\/es\/wp-json\/wp\/v2\/pages\/5325\/revisions\/5548"}],"up":[{"embeddable":true,"href":"https:\/\/followusmarketing.com\/es\/wp-json\/wp\/v2\/pages\/5347"}],"wp:featuredmedia":[{"embeddable":true,"href":"https:\/\/followusmarketing.com\/es\/wp-json\/wp\/v2\/media\/5326"}],"wp:attachment":[{"href":"https:\/\/followusmarketing.com\/es\/wp-json\/wp\/v2\/media?parent=5325"}],"curies":[{"name":"wp","href":"https:\/\/api.w.org\/{rel}","templated":true}]}}