{"id":5307,"date":"2026-01-30T17:04:19","date_gmt":"2026-01-30T17:04:19","guid":{"rendered":"https:\/\/followusmarketing.com\/?page_id=5307"},"modified":"2026-02-01T00:03:22","modified_gmt":"2026-02-01T00:03:22","slug":"education-enrollment-growth-lead","status":"publish","type":"page","link":"https:\/\/followusmarketing.com\/es\/verticals\/education-enrollment-growth-lead","title":{"rendered":"Educaci\u00f3n \u2013 Soluciones de crecimiento de inscripciones y generaci\u00f3n de leads"},"content":{"rendered":"<div data-elementor-type=\"wp-page\" data-elementor-id=\"5307\" class=\"elementor elementor-5307\">\n\t\t\t\t\t\t<section class=\"elementor-section elementor-top-section elementor-element elementor-element-e7ae6fb elementor-section-boxed elementor-section-height-default elementor-section-height-default\" data-id=\"e7ae6fb\" data-element_type=\"section\" data-e-type=\"section\">\n\t\t\t\t\t\t<div class=\"elementor-container elementor-column-gap-default\">\n\t\t\t\t\t<div class=\"elementor-column elementor-col-100 elementor-top-column elementor-element elementor-element-85ad38f\" data-id=\"85ad38f\" data-element_type=\"column\" data-e-type=\"column\">\n\t\t\t<div class=\"elementor-widget-wrap elementor-element-populated\">\n\t\t\t\t\t\t<div class=\"elementor-element elementor-element-4f7d8ac elementor-widget elementor-widget-heading\" data-id=\"4f7d8ac\" data-element_type=\"widget\" data-e-type=\"widget\" data-widget_type=\"heading.default\">\n\t\t\t\t<div class=\"elementor-widget-container\">\n\t\t\t\t\t<h2 class=\"elementor-heading-title elementor-size-default\">Marketing educativo y crecimiento de inscripciones<span class=\"dot\">.<\/span><\/h2>\t\t\t\t<\/div>\n\t\t\t\t<\/div>\n\t\t\t\t<div class=\"elementor-element elementor-element-c17321c elementor-widget elementor-widget-text-editor\" data-id=\"c17321c\" data-element_type=\"widget\" data-e-type=\"widget\" data-widget_type=\"text-editor.default\">\n\t\t\t\t<div class=\"elementor-widget-container\">\n\t\t\t\t\t\t\t\t\t<p data-start=\"427\" data-end=\"851\"><strong data-start=\"427\" data-end=\"493\">Educaci\u00f3n y formaci\u00f3n es nuestro principal vertical enfocado en el crecimiento.<\/strong><br data-start=\"493\" data-end=\"496\" \/>Nos especializamos en <strong>soluciones para el crecimiento de la matr\u00edcula y la generaci\u00f3n de leads en educaci\u00f3n<\/strong>, ayudando a colleges, escuelas vocacionales e instituciones de formaci\u00f3n a competir de manera efectiva en mercados saturados. Nuestro enfoque combina marketing educativo basado en datos, generaci\u00f3n de leads asistida por AI y sistemas de CRM e infraestructura de gesti\u00f3n de leads totalmente integrados, dise\u00f1ados para respaldar un crecimiento sostenible de la matr\u00edcula.<\/p><p data-start=\"853\" data-end=\"1204\">Entendemos que un <strong data-start=\"883\" data-end=\"907\">marketing de inscripci\u00f3n<\/strong> exitoso va m\u00e1s all\u00e1 de generar consultas. Las instituciones necesitan leads calificados, atribuci\u00f3n clara y flujos de trabajo de admisiones eficientes. Por eso, nuestras estrategias se enfocan en atraer a los estudiantes correctos, mejorar las tasas de conversi\u00f3n y apoyar a los equipos de admisiones con la infraestructura que necesitan para desempe\u00f1arse eficazmente.<\/p><h2 data-start=\"7236\" data-end=\"7589\">Lo que apoyamos<\/h2><p data-start=\"1232\" data-end=\"1368\">Nuestro vertical de Educaci\u00f3n y Formaci\u00f3n incluye soporte completo de marketing y tecnolog\u00eda, adaptado a las necesidades de las instituciones educativas:<\/p><ul data-start=\"1370\" data-end=\"1975\"><li data-start=\"1370\" data-end=\"1470\"><p data-start=\"1372\" data-end=\"1470\"><strong data-start=\"1372\" data-end=\"1435\">Estrategia de marketing educativo y planificaci\u00f3n para el crecimiento de inscripciones<\/strong> alineada con los objetivos institucionales<\/p><\/li><li data-start=\"1471\" data-end=\"1572\"><p data-start=\"1473\" data-end=\"1572\"><strong data-start=\"1473\" data-end=\"1527\"><a href=\"https:\/\/followusmarketing.com\/es\/service\/lead-generation-and-management\/\" target=\"_blank\" rel=\"noopener\">Generaci\u00f3n de Leads<\/a> para colleges y programas de formaci\u00f3n<\/strong>, enfocado en la intenci\u00f3n del estudiante y la adecuaci\u00f3n del programa<\/p><\/li><li data-start=\"1573\" data-end=\"1652\"><p data-start=\"1575\" data-end=\"1652\">Campa\u00f1as de publicidad pagada dise\u00f1adas para generar consultas calificadas sobre los programas<\/p><\/li><li data-start=\"1653\" data-end=\"1724\"><p data-start=\"1655\" data-end=\"1724\">Landing Pages enfocadas en la conversi\u00f3n y optimizadas para la captaci\u00f3n de leads estudiantiles<\/p><\/li><li data-start=\"1725\" data-end=\"1812\"><p data-start=\"1727\" data-end=\"1812\"><strong data-start=\"1727\" data-end=\"1771\">Integraci\u00f3n de CRM para los flujos de trabajo de admisiones<\/strong>, incluyendo la asignaci\u00f3n de leads y la automatizaci\u00f3n<\/p><\/li><li data-start=\"1813\" data-end=\"1877\"><p data-start=\"1815\" data-end=\"1877\">Atribuci\u00f3n de origen de leads, seguimiento e informes de desempe\u00f1o<\/p><\/li><li data-start=\"1878\" data-end=\"1975\"><p data-start=\"1880\" data-end=\"1975\"><strong data-start=\"1880\" data-end=\"1932\">Estrategia de contenido SEO para las p\u00e1ginas de programas educativos<\/strong>, mejorando la visibilidad y la demanda org\u00e1nic<\/p><\/li><\/ul><p data-start=\"1977\" data-end=\"2089\">Each component works together to strengthen the full enrollment funnel, from first click to enrollment decision.<\/p><h2>Ventaja de Infraestructura<\/h2><p data-start=\"2126\" data-end=\"2520\">No solo generamos leads. <strong data-start=\"2157\" data-end=\"2208\">Dise\u00f1amos la infraestructura que los gestiona.<\/strong><br data-start=\"2208\" data-end=\"2211\" \/>Nuestro equipo eval\u00faa la calidad de los leads, audita los flujos de trabajo de admisiones existentes y recomienda plataformas CRM seg\u00fan el tama\u00f1o de la instituci\u00f3n, la oferta de programas y los objetivos de crecimiento. Integramos las fuentes de leads provenientes de anuncios pagados, p\u00e1ginas de destino y formularios directamente en los sistemas CRM, garantizando una atribuci\u00f3n precisa y un seguimiento m\u00e1s r\u00e1pido.<\/p><p data-start=\"2522\" data-end=\"2709\">Al mejorar la visibilidad de los datos y la eficiencia de los procesos, ayudamos a las instituciones a aumentar las tasas de conversi\u00f3n, reducir la p\u00e9rdida de leads y obtener una visi\u00f3n m\u00e1s clara de los factores que impulsan los resultados de matr\u00edcula.<\/p><h4 data-start=\"7849\" data-end=\"8055\">Soporte en Puerto Rico<\/h4><p data-start=\"7849\" data-end=\"8055\">Para <a href=\"https:\/\/newsismybusiness.com\/follow-us-marketing-agency-expands-to-puerto-rico-joins-cofc\/\" target=\"_blank\" rel=\"noopener\">Iniciativas de marketing educativo en Puerto Rico<\/a>,<\/p><p data-start=\"2741\" data-end=\"3070\">El soporte relacional local est\u00e1 disponible a trav\u00e9s de representaci\u00f3n local autorizada. Toda la estrategia, ejecuci\u00f3n de campa\u00f1as, integraci\u00f3n tecnol\u00f3gica e informes se mantienen centralizados con nuestro equipo con sede en Florida, garantizando consistencia, cumplimiento y est\u00e1ndares de desempe\u00f1o en todos los mercados.<\/p><p data-start=\"3072\" data-end=\"3268\">Este modelo permite que las instituciones que atienden a Puerto Rico se beneficien del soporte relacional localizado, al mismo tiempo que mantienen una infraestructura s\u00f3lida y escalable <strong data-start=\"3207\" data-end=\"3252\">estrategia de marketing educativo y planificaci\u00f3n para el crecimiento de la infraestructura de inscripciones<\/strong> infrastructure.<\/p>\t\t\t\t\t\t\t\t<\/div>\n\t\t\t\t<\/div>\n\t\t\t\t<div class=\"elementor-element elementor-element-568e301 elementor-widget elementor-widget-linoor-call-to-action\" data-id=\"568e301\" data-element_type=\"widget\" data-e-type=\"widget\" data-widget_type=\"linoor-call-to-action.default\">\n\t\t\t\t<div class=\"elementor-widget-container\">\n\t\t\t\t\t\r\n<!-- Call To Section -->\r\n<section class=\"call-to-section\">\r\n    <div class=\"auto-container\">\r\n        <div class=\"inner clearfix\">\r\n            <div class=\"shape-1 wow slideInRight\" data-wow-delay=\"0ms\" data-wow-duration=\"1500ms\"><\/div>\r\n            <div class=\"shape-2 wow fadeInDown\" data-wow-delay=\"0ms\" data-wow-duration=\"1500ms\"><\/div>\r\n            <h2>Solicita un Plan <br>para estrategia <br>de Crecimiento educativo<\/h2>\r\n            <div class=\"link-box\">\r\n                <a class=\"theme-btn btn-style-two\" href=\"tel:+15618903591\">\r\n                    <i class=\"btn-curve\"><\/i>\r\n                    <span class=\"btn-title\">Ll\u00e1manos<\/span>\r\n                <\/a>\r\n            <\/div>\r\n        <\/div>\r\n    <\/div>\r\n<\/section>\r\n\r\n\t\t\t\t<\/div>\n\t\t\t\t<\/div>\n\t\t\t\t\t<\/div>\n\t\t<\/div>\n\t\t\t\t\t<\/div>\n\t\t<\/section>\n\t\t\t\t<\/div>","protected":false},"excerpt":{"rendered":"<p>Education Marketing and Enrollment Growth. Education and Training is our primary growth focused vertical.We specialize in Education Enrollment Growth and Lead Generation Solutions, helping colleges, vocational schools, and training institutions compete effectively in crowded markets. Our approach combines data driven education marketing, AI assisted lead generation, and fully integrated CRM and lead management systems designed [&hellip;]<\/p>","protected":false},"author":1,"featured_media":5308,"parent":5347,"menu_order":1,"comment_status":"closed","ping_status":"closed","template":"","meta":{"_joinchat":[],"footnotes":""},"class_list":["post-5307","page","type-page","status-publish","has-post-thumbnail","hentry"],"_links":{"self":[{"href":"https:\/\/followusmarketing.com\/es\/wp-json\/wp\/v2\/pages\/5307","targetHints":{"allow":["GET"]}}],"collection":[{"href":"https:\/\/followusmarketing.com\/es\/wp-json\/wp\/v2\/pages"}],"about":[{"href":"https:\/\/followusmarketing.com\/es\/wp-json\/wp\/v2\/types\/page"}],"author":[{"embeddable":true,"href":"https:\/\/followusmarketing.com\/es\/wp-json\/wp\/v2\/users\/1"}],"replies":[{"embeddable":true,"href":"https:\/\/followusmarketing.com\/es\/wp-json\/wp\/v2\/comments?post=5307"}],"version-history":[{"count":24,"href":"https:\/\/followusmarketing.com\/es\/wp-json\/wp\/v2\/pages\/5307\/revisions"}],"predecessor-version":[{"id":5444,"href":"https:\/\/followusmarketing.com\/es\/wp-json\/wp\/v2\/pages\/5307\/revisions\/5444"}],"up":[{"embeddable":true,"href":"https:\/\/followusmarketing.com\/es\/wp-json\/wp\/v2\/pages\/5347"}],"wp:featuredmedia":[{"embeddable":true,"href":"https:\/\/followusmarketing.com\/es\/wp-json\/wp\/v2\/media\/5308"}],"wp:attachment":[{"href":"https:\/\/followusmarketing.com\/es\/wp-json\/wp\/v2\/media?parent=5307"}],"curies":[{"name":"wp","href":"https:\/\/api.w.org\/{rel}","templated":true}]}}