{"id":3349,"date":"2024-04-20T20:42:44","date_gmt":"2024-04-20T20:42:44","guid":{"rendered":"https:\/\/followusmarketing.com\/?page_id=3349"},"modified":"2024-04-20T22:48:53","modified_gmt":"2024-04-20T22:48:53","slug":"haga-que-su-negocio-aparezca-en-las-busquedas-locales-en-puerto-rico","status":"publish","type":"page","link":"https:\/\/followusmarketing.com\/es\/haga-que-su-negocio-aparezca-en-las-busquedas-locales-en-puerto-rico","title":{"rendered":"Haga que su Negocio aparezca en las b\u00fasquedas Locales en Puerto Rico"},"content":{"rendered":"<div data-elementor-type=\"wp-page\" data-elementor-id=\"3349\" class=\"elementor elementor-3349\">\n\t\t\t\t\t\t<section class=\"elementor-section elementor-top-section elementor-element elementor-element-caf56c6 elementor-section-boxed elementor-section-height-default elementor-section-height-default\" data-id=\"caf56c6\" data-element_type=\"section\" data-e-type=\"section\">\n\t\t\t\t\t\t<div class=\"elementor-container elementor-column-gap-default\">\n\t\t\t\t\t<div class=\"elementor-column elementor-col-66 elementor-top-column elementor-element elementor-element-8e46a62\" data-id=\"8e46a62\" data-element_type=\"column\" data-e-type=\"column\">\n\t\t\t<div class=\"elementor-widget-wrap elementor-element-populated\">\n\t\t\t\t\t\t<div class=\"elementor-element elementor-element-3fa82c3 elementor-widget elementor-widget-image\" data-id=\"3fa82c3\" data-element_type=\"widget\" data-e-type=\"widget\" data-widget_type=\"image.default\">\n\t\t\t\t<div class=\"elementor-widget-container\">\n\t\t\t\t\t\t\t\t\t\t\t\t\t\t\t<img fetchpriority=\"high\" decoding=\"async\" width=\"1024\" height=\"576\" src=\"https:\/\/followusmarketing.com\/wp-content\/uploads\/2024\/04\/follow-us-marketing-social-media-facebook-twitter-instagram-tiktok-blog-post-google-business-profile-puerto-rico-1024x576.png\" class=\"attachment-large size-large wp-image-3269\" alt=\"\" srcset=\"https:\/\/followusmarketing.com\/wp-content\/uploads\/2024\/04\/follow-us-marketing-social-media-facebook-twitter-instagram-tiktok-blog-post-google-business-profile-puerto-rico-1024x576.png 1024w, https:\/\/followusmarketing.com\/wp-content\/uploads\/2024\/04\/follow-us-marketing-social-media-facebook-twitter-instagram-tiktok-blog-post-google-business-profile-puerto-rico-300x169.png 300w, https:\/\/followusmarketing.com\/wp-content\/uploads\/2024\/04\/follow-us-marketing-social-media-facebook-twitter-instagram-tiktok-blog-post-google-business-profile-puerto-rico-768x432.png 768w, https:\/\/followusmarketing.com\/wp-content\/uploads\/2024\/04\/follow-us-marketing-social-media-facebook-twitter-instagram-tiktok-blog-post-google-business-profile-puerto-rico-18x10.png 18w, https:\/\/followusmarketing.com\/wp-content\/uploads\/2024\/04\/follow-us-marketing-social-media-facebook-twitter-instagram-tiktok-blog-post-google-business-profile-puerto-rico-570x321.png 570w, https:\/\/followusmarketing.com\/wp-content\/uploads\/2024\/04\/follow-us-marketing-social-media-facebook-twitter-instagram-tiktok-blog-post-google-business-profile-puerto-rico-380x214.png 380w, https:\/\/followusmarketing.com\/wp-content\/uploads\/2024\/04\/follow-us-marketing-social-media-facebook-twitter-instagram-tiktok-blog-post-google-business-profile-puerto-rico-296x167.png 296w, https:\/\/followusmarketing.com\/wp-content\/uploads\/2024\/04\/follow-us-marketing-social-media-facebook-twitter-instagram-tiktok-blog-post-google-business-profile-puerto-rico.png 1280w\" sizes=\"(max-width: 1024px) 100vw, 1024px\" \/>\t\t\t\t\t\t\t\t\t\t\t\t\t\t\t<\/div>\n\t\t\t\t<\/div>\n\t\t\t\t<div class=\"elementor-element elementor-element-c5969f8 elementor-widget elementor-widget-text-editor\" data-id=\"c5969f8\" data-element_type=\"widget\" data-e-type=\"widget\" data-widget_type=\"text-editor.default\">\n\t\t\t\t<div class=\"elementor-widget-container\">\n\t\t\t\t\t\t\t\t\t<h4 style=\"text-align: center;\"><strong><span data-preserver-spaces=\"true\">Sea Encontrado por Nuevos Clientes<\/span><\/strong><\/h4><h4 style=\"text-align: center;\"><strong><span data-preserver-spaces=\"true\">con\u00a0<\/span><\/strong><strong><span data-preserver-spaces=\"true\">un Google Business Profile<\/span><\/strong><\/h4><p><span data-preserver-spaces=\"true\">En\u00a0<strong>Follow Us Marketing Group<\/strong>, entendemos la importancia de la visibilidad online para los negocios puertorrique\u00f1os. En la era digital actual, m\u00e1s que nunca, los clientes potenciales buscan empresas locales en Google Search y Maps. Aqu\u00ed es donde entra en juego\u00a0<\/span><strong><span data-preserver-spaces=\"true\">Google Business Profile<\/span><\/strong><span data-preserver-spaces=\"true\">\u00a0(anteriormente Google My Business).<\/span><\/p>\t\t\t\t\t\t\t\t<\/div>\n\t\t\t\t<\/div>\n\t\t\t\t<div class=\"elementor-element elementor-element-0b90363 elementor-widget elementor-widget-text-editor\" data-id=\"0b90363\" data-element_type=\"widget\" data-e-type=\"widget\" data-widget_type=\"text-editor.default\">\n\t\t\t\t<div class=\"elementor-widget-container\">\n\t\t\t\t\t\t\t\t\t<h4><strong><span data-preserver-spaces=\"true\">\u00bfQu\u00e9 es Google Business Profile?<\/span><\/strong><\/h4><p><span data-preserver-spaces=\"true\"><img decoding=\"async\" class=\"alignright wp-image-3311\" src=\"https:\/\/followusmarketing.com\/wp-content\/uploads\/2024\/04\/google-business-profile-follow-us-digital-marketing-puerto-rico-perfil-negocio-150x300.png\" sizes=\"(max-width: 225px) 100vw, 225px\" srcset=\"https:\/\/followusmarketing.com\/wp-content\/uploads\/2024\/04\/google-business-profile-follow-us-digital-marketing-puerto-rico-perfil-negocio-150x300.png 150w, https:\/\/followusmarketing.com\/wp-content\/uploads\/2024\/04\/google-business-profile-follow-us-digital-marketing-puerto-rico-perfil-negocio-512x1024.png 512w, https:\/\/followusmarketing.com\/wp-content\/uploads\/2024\/04\/google-business-profile-follow-us-digital-marketing-puerto-rico-perfil-negocio-6x12.png 6w, https:\/\/followusmarketing.com\/wp-content\/uploads\/2024\/04\/google-business-profile-follow-us-digital-marketing-puerto-rico-perfil-negocio-380x760.png 380w, https:\/\/followusmarketing.com\/wp-content\/uploads\/2024\/04\/google-business-profile-follow-us-digital-marketing-puerto-rico-perfil-negocio-296x592.png 296w, https:\/\/followusmarketing.com\/wp-content\/uploads\/2024\/04\/google-business-profile-follow-us-digital-marketing-puerto-rico-perfil-negocio.png 540w\" alt=\"\" width=\"225\" height=\"450\" \/>Google Business Profile es una herramienta poderosa que te permite administrar tu ficha de negocio en la B\u00fasqueda de Google y Google Maps. \u00c9ste muestra la informaci\u00f3n de tu negocio, incluyendo:<\/span><\/p><ul><li><span data-preserver-spaces=\"true\">Nombre del Negocio<\/span><\/li><li><span data-preserver-spaces=\"true\">Direcci\u00f3n del Negocio<\/span><\/li><li><span data-preserver-spaces=\"true\">N\u00famero Telef\u00f3nico<\/span><\/li><li><span data-preserver-spaces=\"true\">Website<\/span><\/li><li><span data-preserver-spaces=\"true\">Categor\u00eda<\/span><\/li><li><span data-preserver-spaces=\"true\">Horas de Operaci\u00f3n<\/span><\/li><li><span data-preserver-spaces=\"true\">Reviews de clientes<\/span><\/li><li><span data-preserver-spaces=\"true\">Customer reviews<\/span><\/li><\/ul>\t\t\t\t\t\t\t\t<\/div>\n\t\t\t\t<\/div>\n\t\t\t\t<div class=\"elementor-element elementor-element-ee607e0 elementor-widget elementor-widget-text-editor\" data-id=\"ee607e0\" data-element_type=\"widget\" data-e-type=\"widget\" data-widget_type=\"text-editor.default\">\n\t\t\t\t<div class=\"elementor-widget-container\">\n\t\t\t\t\t\t\t\t\t<h4 style=\"background-color: #ffffff; font-family: var(--thm-font);\"><span style=\"font-size: 40px; font-weight: bolder; color: var(--thm-black);\">\u00bfPor qu\u00e9 Google Business Profile para las empresas de Puerto Rico?<\/span><\/h4><ul style=\"font-size: 20px;\"><li style=\"font-size: 20px;\"><span style=\"font-size: 20px; font-weight: bolder; color: var(--thm-black);\">Mayor Visibilidad:<\/span><span style=\"font-size: 20px;\" data-preserver-spaces=\"true\">\u00a0Un Perfil de Negocio en Google bien optimizado aumenta tus posibilidades de aparecer en los resultados de b\u00fasqueda locales, lo que atrae a potenciales clientes m\u00e1s calificados a tu negocio.<\/span><\/li><li style=\"font-size: 20px;\"><span style=\"font-size: 20px; font-weight: bolder; color: var(--thm-black);\">Mejora tu SEO Local:<\/span><span style=\"font-size: 20px;\" data-preserver-spaces=\"true\">\u00a0Los Perfiles de Negocio de Google son un factor importante en el posicionamiento SEO local. Al optimizar tu perfil, aumentas las posibilidades de aparecer en las primeras posiciones de las b\u00fasquedas locales, lo que facilita que los clientes potenciales te encuentren.<\/span><\/li><li style=\"font-size: 20px;\"><span style=\"font-size: 20px; font-weight: bolder; color: var(--thm-black);\">Construye confianza con Reviews:<\/span><span style=\"font-size: 20px;\" data-preserver-spaces=\"true\">\u00a0Los clientes conf\u00edan en los reviews en l\u00ednea antes de comprar. Un Perfil de Empresa en Google permite a los clientes dejar reviews, lo que fomenta la confianza y la credibilidad de su negocio.<\/span><\/li><li style=\"font-size: 20px;\"><span style=\"font-size: 20px; font-weight: bolder; color: var(--thm-black);\">Interact\u00fae con los clientes:<\/span><span style=\"font-size: 20px;\" data-preserver-spaces=\"true\">\u00a0Responde a los reviews y responde las preguntas de los clientes directamente a trav\u00e9s de tu perfil, fomentando una interacci\u00f3n positiva con el cliente.<\/span><\/li><li style=\"font-size: 20px;\"><span style=\"font-size: 20px; font-weight: bolder; color: var(--thm-black);\">Muestre su negocio:<\/span><span style=\"font-size: 20px;\" data-preserver-spaces=\"true\">\u00a0Sube fotos y videos de alta calidad para exhibir tus productos, servicios y ubicaci\u00f3n, brindando a los clientes potenciales una mejor comprensi\u00f3n de tu negocio.<\/span><\/li><\/ul>\t\t\t\t\t\t\t\t<\/div>\n\t\t\t\t<\/div>\n\t\t\t\t\t<\/div>\n\t\t<\/div>\n\t\t\t\t<div class=\"elementor-column elementor-col-33 elementor-top-column elementor-element elementor-element-94a4721\" data-id=\"94a4721\" data-element_type=\"column\" data-e-type=\"column\">\n\t\t\t<div class=\"elementor-widget-wrap elementor-element-populated\">\n\t\t\t\t\t\t<div class=\"elementor-element elementor-element-3604c12 elementor-widget elementor-widget-shortcode\" data-id=\"3604c12\" data-element_type=\"widget\" data-e-type=\"widget\" data-widget_type=\"shortcode.default\">\n\t\t\t\t<div class=\"elementor-widget-container\">\n\t\t\t\t\t\t\t<div class=\"elementor-shortcode\">\n<div class=\"wpcf7 no-js\" id=\"wpcf7-f3312-o1\" lang=\"en-US\" dir=\"ltr\" data-wpcf7-id=\"3312\">\n<div class=\"screen-reader-response\"><p role=\"status\" aria-live=\"polite\" aria-atomic=\"true\"><\/p> <ul><\/ul><\/div>\n<form action=\"\/es\/wp-json\/wp\/v2\/pages\/3349#wpcf7-f3312-o1\" method=\"post\" class=\"wpcf7-form init\" aria-label=\"Contact form\" novalidate=\"novalidate\" data-status=\"init\" data-trp-original-action=\"\/es\/wp-json\/wp\/v2\/pages\/3349#wpcf7-f3312-o1\">\n<fieldset class=\"hidden-fields-container\"><input type=\"hidden\" name=\"_wpcf7\" value=\"3312\" \/><input type=\"hidden\" name=\"_wpcf7_version\" value=\"6.1.5\" \/><input type=\"hidden\" name=\"_wpcf7_locale\" value=\"en_US\" \/><input type=\"hidden\" name=\"_wpcf7_unit_tag\" value=\"wpcf7-f3312-o1\" \/><input type=\"hidden\" name=\"_wpcf7_container_post\" value=\"0\" \/><input type=\"hidden\" name=\"_wpcf7_posted_data_hash\" value=\"\" \/><input type=\"hidden\" name=\"_wpcf7_recaptcha_response\" value=\"\" \/>\n<\/fieldset>\n<center>\n\t<h4>COMPLETE THE FORM FOR MORE INFO.\n\t<\/h4>\n\t<h5>COMPLETA LA FORMA PARA MAYOR INFORMACI\u00d3N\n\t<\/h5>\n<\/center>\n<p><label> <b>First Name\/Primer Nombre<\/b><i><small>(*)<\/small><\/i><br \/>\n<span class=\"wpcf7-form-control-wrap\" data-name=\"FirstName\"><input size=\"40\" maxlength=\"400\" class=\"wpcf7-form-control wpcf7-text wpcf7-validates-as-required\" aria-required=\"true\" aria-invalid=\"false\" placeholder=\"First Name\/Primer Nombre\" value=\"\" type=\"text\" name=\"FirstName\" \/><\/span> <\/label>\n<\/p>\n<p><label> <b>Last Name\/Primer Apellido<\/b><i><small>(*)<\/small><\/i><br \/>\n<span class=\"wpcf7-form-control-wrap\" data-name=\"LastName\"><input size=\"40\" maxlength=\"400\" class=\"wpcf7-form-control wpcf7-text wpcf7-validates-as-required\" aria-required=\"true\" aria-invalid=\"false\" placeholder=\"Last Name\/Primer Apellido\" value=\"\" type=\"text\" name=\"LastName\" \/><\/span> <\/label>\n<\/p>\n<p><label> <b>Enter Your Email\/Correo Electr\u00f3nico<\/b><i><small>(*)<\/small><\/i><br \/>\n<span class=\"wpcf7-form-control-wrap\" data-name=\"your-email\"><input size=\"40\" maxlength=\"400\" class=\"wpcf7-form-control wpcf7-email wpcf7-validates-as-required wpcf7-text wpcf7-validates-as-email\" aria-required=\"true\" aria-invalid=\"false\" placeholder=\"Email\/Correo Electr\u00f3nico\" value=\"\" type=\"email\" name=\"your-email\" \/><\/span> <\/label>\n<\/p>\n<p><label> <b>Enter Your Phone Number\/N\u00famero de Tel\u00e9fono<\/b><i><small>(*)<\/small><\/i><br \/>\n<span class=\"wpcf7-form-control-wrap\" data-name=\"IntlPhone\"><input size=\"40\" class=\"wpcf7-form-control wpcf7-phonetext wpcf7-validates-as-required wpcf7-text wpcf7-validates-as-phonetext\" data-numberonly=\"true\" aria-required=\"true\" aria-invalid=\"false\" placeholder=\"+1\" value=\"\" type=\"text\" name=\"IntlPhone\" \/><input type=\"hidden\" name=\"IntlPhone-country-code\" class=\"wpcf7-phonetext-country-code\" \/><\/span> <\/label>\n<\/p>\n<p><label> <b>Opt-in<\/b><i><small>(*)<\/small><\/i> <\/label><br \/>\n<span class=\"wpcf7-form-control-wrap\" data-name=\"Opt-in\"><span class=\"wpcf7-form-control wpcf7-checkbox wpcf7-validates-as-required\"><span class=\"wpcf7-list-item first last\"><label><input type=\"checkbox\" name=\"Opt-in[]\" value=\"By checking this box, you agree to receive communications, including text messages and calls, from Follow Us Marketing Group about our services. Message and data rates may apply. Frequency varies. When the messages are received, you can reply STOP to unsubscribe or HELP for more information. See our Privacy Policy for details: \/ Al marcar esta casilla, aceptas recibir comunicaciones, incluyendo mensajes de texto y llamadas, de Follow Us Marketing Group acerca de nuestros servicios. Pueden aplicarse tarifas por mensajes y datos. La frecuencia var\u00eda. Cuando recibas los mensajes, puedes responder STOP para cancelar la suscripci\u00f3n o HELP para obtener m\u00e1s informaci\u00f3n. Consulta nuestra Pol\u00edtica de Privacidad para m\u00e1s detalles:\" \/><span class=\"wpcf7-list-item-label\">By checking this box, you agree to receive communications, including text messages and calls, from Follow Us Marketing Group about our services. Message and data rates may apply. Frequency varies. When the messages are received, you can reply STOP to unsubscribe or HELP for more information. See our Privacy Policy for details: \/ Al marcar esta casilla, aceptas recibir comunicaciones, incluyendo mensajes de texto y llamadas, de Follow Us Marketing Group acerca de nuestros servicios. Pueden aplicarse tarifas por mensajes y datos. La frecuencia var\u00eda. Cuando recibas los mensajes, puedes responder STOP para cancelar la suscripci\u00f3n o HELP para obtener m\u00e1s informaci\u00f3n. Consulta nuestra Pol\u00edtica de Privacidad para m\u00e1s detalles:<\/span><\/label><\/span><\/span><\/span>\n<\/p>\n<center>\n\t<div class=\"form-group\">\n\t\t<p><button class=\"theme-btn btn-style-one\" type=\"submit\"><i class=\"btn-curve\"><\/i><span class=\"btn-title\">Grow Your Business Now \/ Haga Crecer su Negocio Ahora<\/span><\/button>\n\t\t<\/p>\n\t<\/div>\n<\/center>\n<p><i><small>\ud83c\uddfa\ud83c\uddf8 By submitting this form, you consent to allow Follow Us Marketing Group to contact you using the information provided - including email, phone, or text - to respond to your inquiry and provide information about our programs and\/or services. Your consent is voluntary and can be withdrawn at any time. Please review our Privacy Policy for more details on how we handle your personal data and your rights regarding your information.<\/small><\/i>\n<\/p>\n<p><i><small>\ud83c\uddf5\ud83c\uddf7 Al enviar este formulario, usted otorga su consentimiento para que Follow Us Marketing Group se comunique con usted utilizando la informaci\u00f3n proporcionada, v\u00eda correo electr\u00f3nico, tel\u00e9fono o mensajes de texto, para responder a su consulta y proporcionar informaci\u00f3n sobre nuestros servicios. Su consentimiento es voluntario y puede ser retirado en cualquier momento. Por favor, consulte nuestra Pol\u00edtica de Privacidad para obtener m\u00e1s detalles sobre c\u00f3mo manejamos sus datos personales y sus derechos con respecto a su informaci\u00f3n.<\/small><\/i>\n<\/p>\n<center>\n\t<h7>\n\t\t<p><b><br \/>\nOnce we receive your information our representative will get back to you within 24 hours \/ Una vez que recibamos su informaci\u00f3n, un miembro de nuestro equipo se comunicar\u00e1 con usted en el transcurso de las 24 pr\u00f3ximas horas.<\/b>\n\t\t<\/p>\n\t<\/h7>\n<\/center><div class=\"wpcf7-response-output\" aria-hidden=\"true\"><\/div>\n<input type=\"hidden\" name=\"trp-form-language\" value=\"es\"\/><\/form>\n<\/div>\n<\/div>\n\t\t\t\t\t\t<\/div>\n\t\t\t\t<\/div>\n\t\t\t\t<div class=\"elementor-element elementor-element-2e588e2 elementor-widget elementor-widget-image\" data-id=\"2e588e2\" data-element_type=\"widget\" data-e-type=\"widget\" data-widget_type=\"image.default\">\n\t\t\t\t<div class=\"elementor-widget-container\">\n\t\t\t\t\t\t\t\t\t\t\t\t\t\t\t<img decoding=\"async\" width=\"1024\" height=\"1024\" src=\"https:\/\/followusmarketing.com\/wp-content\/uploads\/2024\/04\/follow-us-marketing-group-social-media-facebook-twitter-instagram-tiktok-public-relations-website-development-digital-google-business-profile-01-1024x1024.png\" class=\"attachment-large size-large wp-image-3271\" alt=\"\" srcset=\"https:\/\/followusmarketing.com\/wp-content\/uploads\/2024\/04\/follow-us-marketing-group-social-media-facebook-twitter-instagram-tiktok-public-relations-website-development-digital-google-business-profile-01-1024x1024.png 1024w, https:\/\/followusmarketing.com\/wp-content\/uploads\/2024\/04\/follow-us-marketing-group-social-media-facebook-twitter-instagram-tiktok-public-relations-website-development-digital-google-business-profile-01-300x300.png 300w, https:\/\/followusmarketing.com\/wp-content\/uploads\/2024\/04\/follow-us-marketing-group-social-media-facebook-twitter-instagram-tiktok-public-relations-website-development-digital-google-business-profile-01-150x150.png 150w, https:\/\/followusmarketing.com\/wp-content\/uploads\/2024\/04\/follow-us-marketing-group-social-media-facebook-twitter-instagram-tiktok-public-relations-website-development-digital-google-business-profile-01-768x768.png 768w, https:\/\/followusmarketing.com\/wp-content\/uploads\/2024\/04\/follow-us-marketing-group-social-media-facebook-twitter-instagram-tiktok-public-relations-website-development-digital-google-business-profile-01-12x12.png 12w, https:\/\/followusmarketing.com\/wp-content\/uploads\/2024\/04\/follow-us-marketing-group-social-media-facebook-twitter-instagram-tiktok-public-relations-website-development-digital-google-business-profile-01-73x73.png 73w, https:\/\/followusmarketing.com\/wp-content\/uploads\/2024\/04\/follow-us-marketing-group-social-media-facebook-twitter-instagram-tiktok-public-relations-website-development-digital-google-business-profile-01-77x77.png 77w, https:\/\/followusmarketing.com\/wp-content\/uploads\/2024\/04\/follow-us-marketing-group-social-media-facebook-twitter-instagram-tiktok-public-relations-website-development-digital-google-business-profile-01-63x63.png 63w, https:\/\/followusmarketing.com\/wp-content\/uploads\/2024\/04\/follow-us-marketing-group-social-media-facebook-twitter-instagram-tiktok-public-relations-website-development-digital-google-business-profile-01-125x125.png 125w, https:\/\/followusmarketing.com\/wp-content\/uploads\/2024\/04\/follow-us-marketing-group-social-media-facebook-twitter-instagram-tiktok-public-relations-website-development-digital-google-business-profile-01-192x192.png 192w, https:\/\/followusmarketing.com\/wp-content\/uploads\/2024\/04\/follow-us-marketing-group-social-media-facebook-twitter-instagram-tiktok-public-relations-website-development-digital-google-business-profile-01-270x270.png 270w, https:\/\/followusmarketing.com\/wp-content\/uploads\/2024\/04\/follow-us-marketing-group-social-media-facebook-twitter-instagram-tiktok-public-relations-website-development-digital-google-business-profile-01-570x570.png 570w, https:\/\/followusmarketing.com\/wp-content\/uploads\/2024\/04\/follow-us-marketing-group-social-media-facebook-twitter-instagram-tiktok-public-relations-website-development-digital-google-business-profile-01-380x380.png 380w, https:\/\/followusmarketing.com\/wp-content\/uploads\/2024\/04\/follow-us-marketing-group-social-media-facebook-twitter-instagram-tiktok-public-relations-website-development-digital-google-business-profile-01-296x296.png 296w, https:\/\/followusmarketing.com\/wp-content\/uploads\/2024\/04\/follow-us-marketing-group-social-media-facebook-twitter-instagram-tiktok-public-relations-website-development-digital-google-business-profile-01-100x100.png 100w, https:\/\/followusmarketing.com\/wp-content\/uploads\/2024\/04\/follow-us-marketing-group-social-media-facebook-twitter-instagram-tiktok-public-relations-website-development-digital-google-business-profile-01.png 1080w\" sizes=\"(max-width: 1024px) 100vw, 1024px\" \/>\t\t\t\t\t\t\t\t\t\t\t\t\t\t\t<\/div>\n\t\t\t\t<\/div>\n\t\t\t\t\t<\/div>\n\t\t<\/div>\n\t\t\t\t\t<\/div>\n\t\t<\/section>\n\t\t\t\t<section class=\"elementor-section elementor-top-section elementor-element elementor-element-dbe42c1 elementor-section-boxed elementor-section-height-default elementor-section-height-default\" data-id=\"dbe42c1\" data-element_type=\"section\" data-e-type=\"section\">\n\t\t\t\t\t\t<div class=\"elementor-container elementor-column-gap-default\">\n\t\t\t\t\t<div class=\"elementor-column elementor-col-100 elementor-top-column elementor-element elementor-element-db6e2f8\" data-id=\"db6e2f8\" data-element_type=\"column\" data-e-type=\"column\">\n\t\t\t<div class=\"elementor-widget-wrap elementor-element-populated\">\n\t\t\t\t\t\t<div class=\"elementor-element elementor-element-3ed5506 elementor-widget elementor-widget-text-editor\" data-id=\"3ed5506\" data-element_type=\"widget\" data-e-type=\"widget\" data-widget_type=\"text-editor.default\">\n\t\t\t\t<div class=\"elementor-widget-container\">\n\t\t\t\t\t\t\t\t\t<h6><strong><span data-preserver-spaces=\"true\">Follow Us Marketing Group:<\/span><\/strong><\/h6><h4><strong><span data-preserver-spaces=\"true\">Your Google Business Profile Experts in Puerto Rico<\/span><\/strong><\/h4><p><span data-preserver-spaces=\"true\">En Follow Us Marketing Group, contamos con un equipo de especialistas experimentados en marketing digital que pueden ayudarlo a crear, reclamar y optimizar su Google Business Profile para lograr el m\u00e1ximo impacto. Nuestros servicios incluyen:<\/span><\/p><ul><li><strong><span data-preserver-spaces=\"true\">Creaci\u00f3n de Perfiles:<\/span><\/strong><span data-preserver-spaces=\"true\">\u00a0Te ayudaremos a crear un perfil nuevo o reclamar uno existente para garantizar que tengas control sobre tu perfil.<\/span><\/li><li><strong><span data-preserver-spaces=\"true\">Optimizaci\u00f3n:<\/span><\/strong><span data-preserver-spaces=\"true\">\u00a0Optimizaremos tu perfil con informaci\u00f3n precisa, palabras clave relevantes y fotos de alta calidad para mejorar tu posici\u00f3n en los resultados de b\u00fasqueda.<\/span><\/li><li><strong><span data-preserver-spaces=\"true\">Administraci\u00f3n:<\/span><\/strong><span data-preserver-spaces=\"true\">\u00a0Nos encargaremos de gestionar su perfil continuamente, asegur\u00e1ndonos de que su informaci\u00f3n est\u00e9 actualizada y respondiendo a las opiniones de los clientes.<\/span><\/li><\/ul>\t\t\t\t\t\t\t\t<\/div>\n\t\t\t\t<\/div>\n\t\t\t\t<div class=\"elementor-element elementor-element-6063f17 elementor-widget elementor-widget-text-editor\" data-id=\"6063f17\" data-element_type=\"widget\" data-e-type=\"widget\" data-widget_type=\"text-editor.default\">\n\t\t\t\t<div class=\"elementor-widget-container\">\n\t\t\t\t\t\t\t\t\t<h4><strong>\u00a1Empecemos hoy!<\/strong><\/h4><p><span data-preserver-spaces=\"true\">Aprovecha la oportunidad de conectar con clientes potenciales que buscan empresas como la tuya en Puerto Rico.<\/span><\/p><p><span data-preserver-spaces=\"true\">Contacta a\u00a0<\/span><strong><span data-preserver-spaces=\"true\">Follow Us Marketing Group<\/span><\/strong><span data-preserver-spaces=\"true\">\u00a0para conversar sobre las necesidades de su\u00a0<\/span><strong><span data-preserver-spaces=\"true\">Google Business Profile<\/span><\/strong><span data-preserver-spaces=\"true\">\u00a0y descubre c\u00f3mo podemos impulsar tu negocio online!<\/span><\/p><h2 style=\"text-align: center;\"><a href=\"https:\/\/followusmarketing.com\/es\/contact-us-2\/\" target=\"_blank\" rel=\"noopener\">\u00a1Solo preg\u00fantanos!<\/a>\u00a0Entregamos resultados.<\/h2>\t\t\t\t\t\t\t\t<\/div>\n\t\t\t\t<\/div>\n\t\t\t\t\t<\/div>\n\t\t<\/div>\n\t\t\t\t\t<\/div>\n\t\t<\/section>\n\t\t\t\t<\/div>","protected":false},"excerpt":{"rendered":"<p>Sea Encontrado por Nuevos Clientes con\u00a0un Google Business Profile En\u00a0Follow Us Marketing Group, entendemos la importancia de la visibilidad online para los negocios puertorrique\u00f1os. En la era digital actual, m\u00e1s que nunca, los clientes potenciales buscan empresas locales en Google Search y Maps. Aqu\u00ed es donde entra en juego\u00a0Google Business Profile\u00a0(anteriormente Google My Business). \u00bfQu\u00e9 [&hellip;]<\/p>","protected":false},"author":1,"featured_media":3269,"parent":0,"menu_order":0,"comment_status":"closed","ping_status":"closed","template":"elementor_header_footer","meta":{"_joinchat":[],"footnotes":""},"class_list":["post-3349","page","type-page","status-publish","has-post-thumbnail","hentry"],"_links":{"self":[{"href":"https:\/\/followusmarketing.com\/es\/wp-json\/wp\/v2\/pages\/3349","targetHints":{"allow":["GET"]}}],"collection":[{"href":"https:\/\/followusmarketing.com\/es\/wp-json\/wp\/v2\/pages"}],"about":[{"href":"https:\/\/followusmarketing.com\/es\/wp-json\/wp\/v2\/types\/page"}],"author":[{"embeddable":true,"href":"https:\/\/followusmarketing.com\/es\/wp-json\/wp\/v2\/users\/1"}],"replies":[{"embeddable":true,"href":"https:\/\/followusmarketing.com\/es\/wp-json\/wp\/v2\/comments?post=3349"}],"version-history":[{"count":13,"href":"https:\/\/followusmarketing.com\/es\/wp-json\/wp\/v2\/pages\/3349\/revisions"}],"predecessor-version":[{"id":3375,"href":"https:\/\/followusmarketing.com\/es\/wp-json\/wp\/v2\/pages\/3349\/revisions\/3375"}],"wp:featuredmedia":[{"embeddable":true,"href":"https:\/\/followusmarketing.com\/es\/wp-json\/wp\/v2\/media\/3269"}],"wp:attachment":[{"href":"https:\/\/followusmarketing.com\/es\/wp-json\/wp\/v2\/media?parent=3349"}],"curies":[{"name":"wp","href":"https:\/\/api.w.org\/{rel}","templated":true}]}}